{"id":45,"date":"2025-05-11T09:23:17","date_gmt":"2025-05-11T09:23:17","guid":{"rendered":"https:\/\/piotrfron.art\/?page_id=45"},"modified":"2025-05-17T13:39:30","modified_gmt":"2025-05-17T13:39:30","slug":"kontakt","status":"publish","type":"page","link":"https:\/\/piotrfron.art\/index.php\/kontakt\/","title":{"rendered":""},"content":{"rendered":"\n<p class=\"has-lato-font-family has-medium-font-size\">Wsp\u00f3\u0142praca artystyczna lub zatrudnienie mnie wydaje Ci si\u0119 dobrym pomys\u0142em? Chcesz o co\u015b zapyta\u0107 lub zorganizowa\u0107 spotkanie ze mn\u0105? Napisz!<\/p>\n\n\n<style id=\"wpforms-css-vars-172-block-ed963a0c-3e0b-4462-ab15-ce0f25a738ff\">\n\t\t\t\t#wpforms-172.wpforms-block-ed963a0c-3e0b-4462-ab15-ce0f25a738ff {\n\t\t\t\t--wpforms-button-background-color: #ff6900;\n--wpforms-button-text-color: #010101;\n--wpforms-field-size-input-height: 43px;\n--wpforms-field-size-input-spacing: 15px;\n--wpforms-field-size-font-size: 16px;\n--wpforms-field-size-line-height: 19px;\n--wpforms-field-size-padding-h: 14px;\n--wpforms-field-size-checkbox-size: 16px;\n--wpforms-field-size-sublabel-spacing: 5px;\n--wpforms-field-size-icon-size: 1;\n--wpforms-label-size-font-size: 16px;\n--wpforms-label-size-line-height: 19px;\n--wpforms-label-size-sublabel-font-size: 14px;\n--wpforms-label-size-sublabel-line-height: 17px;\n--wpforms-button-size-font-size: 17px;\n--wpforms-button-size-height: 41px;\n--wpforms-button-size-padding-h: 15px;\n--wpforms-button-size-margin-top: 10px;\n\n\t\t\t}\n\t\t\t<\/style><div class=\"wpforms-container wpforms-container-full wpforms-block wpforms-block-ed963a0c-3e0b-4462-ab15-ce0f25a738ff wpforms-render-modern\" id=\"wpforms-172\"><form id=\"wpforms-form-172\" class=\"wpforms-validate wpforms-form wpforms-ajax-form\" data-formid=\"172\" method=\"post\" enctype=\"multipart\/form-data\" action=\"\/index.php\/wp-json\/wp\/v2\/pages\/45\" data-token=\"52aa510574ca9b8bbc280a923d464860\" data-token-time=\"1775943593\"><noscript class=\"wpforms-error-noscript\">Aby wype\u0142ni\u0107 ten formularz, w\u0142\u0105cz obs\u0142ug\u0119 JavaScript w przegl\u0105darce.<\/noscript><div class=\"wpforms-hidden\" id=\"wpforms-error-noscript\">Aby wype\u0142ni\u0107 ten formularz, w\u0142\u0105cz obs\u0142ug\u0119 JavaScript w przegl\u0105darce.<\/div><div class=\"wpforms-field-container\"><div id=\"wpforms-172-field_1-container\" class=\"wpforms-field wpforms-field-name\" data-field-id=\"1\"><fieldset><legend class=\"wpforms-field-label wpforms-label-hide\" aria-hidden=\"false\">Imi\u0119 i nazwisko <span class=\"wpforms-required-label\" aria-hidden=\"true\">*<\/span><\/legend><div class=\"wpforms-field-row wpforms-field-medium\"><div class=\"wpforms-field-row-block wpforms-first wpforms-one-half\"><input type=\"text\" id=\"wpforms-172-field_1\" class=\"wpforms-field-name-first wpforms-field-required\" name=\"wpforms[fields][1][first]\" aria-errormessage=\"wpforms-172-field_1-error\" required><label for=\"wpforms-172-field_1\" class=\"wpforms-field-sublabel after\">Imi\u0119<\/label><\/div><div class=\"wpforms-field-row-block wpforms-one-half\"><input type=\"text\" id=\"wpforms-172-field_1-last\" class=\"wpforms-field-name-last wpforms-field-required\" name=\"wpforms[fields][1][last]\" aria-errormessage=\"wpforms-172-field_1-last-error\" required><label for=\"wpforms-172-field_1-last\" class=\"wpforms-field-sublabel after\">Nazwisko<\/label><\/div><\/div><\/fieldset><\/div><div id=\"wpforms-172-field_2-container\" class=\"wpforms-field wpforms-field-email\" data-field-id=\"2\"><label class=\"wpforms-field-label wpforms-label-hide\" for=\"wpforms-172-field_2\" aria-hidden=\"false\">Adres e-mail <span class=\"wpforms-required-label\" aria-hidden=\"true\">*<\/span><\/label><input type=\"email\" id=\"wpforms-172-field_2\" class=\"wpforms-field-medium wpforms-field-required\" name=\"wpforms[fields][2]\" placeholder=\"Adres e-mail\" spellcheck=\"false\" aria-errormessage=\"wpforms-172-field_2-error\" required><\/div><div id=\"wpforms-172-field_3-container\" class=\"wpforms-field wpforms-field-textarea\" data-field-id=\"3\"><label class=\"wpforms-field-label wpforms-label-hide\" for=\"wpforms-172-field_3\" aria-hidden=\"false\">Wiadomo\u015b\u0107<\/label><textarea id=\"wpforms-172-field_3\" class=\"wpforms-field-medium\" name=\"wpforms[fields][3]\" placeholder=\"Twoja wiadomo\u015b\u0107\" aria-errormessage=\"wpforms-172-field_3-error\" ><\/textarea><\/div><\/div><!-- .wpforms-field-container --><div class=\"wpforms-submit-container\" ><input type=\"hidden\" name=\"wpforms[id]\" value=\"172\"><input type=\"hidden\" name=\"page_title\" value=\"\"><input type=\"hidden\" name=\"page_url\" value=\"https:\/\/piotrfron.art\/index.php\/wp-json\/wp\/v2\/pages\/45\"><input type=\"hidden\" name=\"url_referer\" value=\"\"><button type=\"submit\" name=\"wpforms[submit]\" id=\"wpforms-submit-172\" class=\"wpforms-submit\" data-alt-text=\"Wysy\u0142anie...\" data-submit-text=\"Prze\u015blij\" aria-live=\"assertive\" value=\"wpforms-submit\">Prze\u015blij<\/button><img loading=\"lazy\" decoding=\"async\" src=\"https:\/\/piotrfron.art\/wp-content\/plugins\/wpforms-lite\/assets\/images\/submit-spin.svg\" class=\"wpforms-submit-spinner\" style=\"display: none;\" width=\"26\" height=\"26\" alt=\"Wczytywanie\"><\/div><\/form><\/div>  <!-- .wpforms-container -->","protected":false},"excerpt":{"rendered":"<p>Wsp\u00f3\u0142praca artystyczna lub zatrudnienie mnie wydaje Ci si\u0119 dobrym pomys\u0142em? Chcesz o co\u015b zapyta\u0107 lub zorganizowa\u0107 spotkanie ze mn\u0105? Napisz!<\/p>\n","protected":false},"author":1,"featured_media":0,"parent":0,"menu_order":0,"comment_status":"closed","ping_status":"closed","template":"","meta":{"footnotes":""},"class_list":["post-45","page","type-page","status-publish","hentry"],"_links":{"self":[{"href":"https:\/\/piotrfron.art\/index.php\/wp-json\/wp\/v2\/pages\/45","targetHints":{"allow":["GET"]}}],"collection":[{"href":"https:\/\/piotrfron.art\/index.php\/wp-json\/wp\/v2\/pages"}],"about":[{"href":"https:\/\/piotrfron.art\/index.php\/wp-json\/wp\/v2\/types\/page"}],"author":[{"embeddable":true,"href":"https:\/\/piotrfron.art\/index.php\/wp-json\/wp\/v2\/users\/1"}],"replies":[{"embeddable":true,"href":"https:\/\/piotrfron.art\/index.php\/wp-json\/wp\/v2\/comments?post=45"}],"version-history":[{"count":3,"href":"https:\/\/piotrfron.art\/index.php\/wp-json\/wp\/v2\/pages\/45\/revisions"}],"predecessor-version":[{"id":176,"href":"https:\/\/piotrfron.art\/index.php\/wp-json\/wp\/v2\/pages\/45\/revisions\/176"}],"wp:attachment":[{"href":"https:\/\/piotrfron.art\/index.php\/wp-json\/wp\/v2\/media?parent=45"}],"curies":[{"name":"wp","href":"https:\/\/api.w.org\/{rel}","templated":true}]}}