{"id":39,"date":"2025-05-11T09:20:41","date_gmt":"2025-05-11T09:20:41","guid":{"rendered":"https:\/\/piotrfron.art\/?page_id=39"},"modified":"2025-05-17T15:56:34","modified_gmt":"2025-05-17T15:56:34","slug":"projekty","status":"publish","type":"page","link":"https:\/\/piotrfron.art\/index.php\/projekty\/","title":{"rendered":""},"content":{"rendered":"\n<h2 class=\"wp-block-heading has-text-align-left has-lato-font-family has-large-font-size\">2024<\/h2>\n\n\n\n<div style=\"height:20px\" aria-hidden=\"true\" class=\"wp-block-spacer\"><\/div>\n\n\n\n<div class=\"wp-block-group is-layout-grid wp-container-core-group-is-layout-038438ab wp-block-group-is-layout-grid\" style=\"border-style:none;border-width:0px;min-height:0px\">\n<div class=\"wp-block-group wp-container-content-98e6c26e is-vertical is-content-justification-left is-layout-flex wp-container-core-group-is-layout-dd225191 wp-block-group-is-layout-flex\">\n<figure class=\"wp-block-image size-full has-custom-border is-style-rounded wp-duotone-unset-1\" style=\"margin-top:0;margin-right:0;margin-bottom:0;margin-left:0\"><img loading=\"lazy\" decoding=\"async\" width=\"1920\" height=\"1281\" src=\"https:\/\/piotrfron.art\/wp-content\/uploads\/2025\/05\/Mitologia.webp\" alt=\"\" class=\"wp-image-108\" style=\"border-style:none;border-width:0px;aspect-ratio:1;object-fit:cover\" srcset=\"https:\/\/piotrfron.art\/wp-content\/uploads\/2025\/05\/Mitologia.webp 1920w, https:\/\/piotrfron.art\/wp-content\/uploads\/2025\/05\/Mitologia-300x200.webp 300w, https:\/\/piotrfron.art\/wp-content\/uploads\/2025\/05\/Mitologia-1024x683.webp 1024w, https:\/\/piotrfron.art\/wp-content\/uploads\/2025\/05\/Mitologia-768x512.webp 768w, https:\/\/piotrfron.art\/wp-content\/uploads\/2025\/05\/Mitologia-1536x1025.webp 1536w\" sizes=\"auto, (max-width: 1920px) 100vw, 1920px\" \/><\/figure>\n\n\n\n<p class=\"has-text-align-center has-base-color has-text-color has-link-color has-lato-font-family wp-elements-cfd7ad116c724acc04a565c2f042551c\" style=\"font-size:clamp(1.25rem, 1.25rem + ((1vw - 0.2rem) * 0.938), 2rem);\"><a href=\"https:\/\/piotrfron.art\/index.php\/mitologia-nie-chce-mi-sie-nic-nie-robic\/\" data-type=\"page\" data-id=\"97\">MITOLOGIA<\/a><\/p>\n\n\n\n<p class=\"has-text-align-center has-lato-font-family\" style=\"font-size:0.6rem;font-style:italic;font-weight:400\">DRAMATURGIA SPEKTAKLU<\/p>\n\n\n\n<p class=\"has-lato-font-family\" style=\"font-size:clamp(0.875rem, 0.875rem + ((1vw - 0.2rem) * 0.156), 1rem);\">Teatr \u017beromskiego w Kielcach<\/p>\n<\/div>\n\n\n\n<div class=\"wp-block-group is-vertical is-layout-flex wp-container-core-group-is-layout-fe9cc265 wp-block-group-is-layout-flex\">\n<figure class=\"wp-block-image size-full has-custom-border is-style-rounded wp-duotone-unset-2\" style=\"margin-top:0;margin-right:0;margin-bottom:0;margin-left:0\"><img loading=\"lazy\" decoding=\"async\" width=\"1536\" height=\"1024\" src=\"https:\/\/piotrfron.art\/wp-content\/uploads\/2025\/05\/Ono-1.png\" alt=\"\" class=\"wp-image-163\" style=\"border-style:none;border-width:0px;aspect-ratio:1;object-fit:cover\" srcset=\"https:\/\/piotrfron.art\/wp-content\/uploads\/2025\/05\/Ono-1.png 1536w, https:\/\/piotrfron.art\/wp-content\/uploads\/2025\/05\/Ono-1-300x200.png 300w, https:\/\/piotrfron.art\/wp-content\/uploads\/2025\/05\/Ono-1-1024x683.png 1024w, https:\/\/piotrfron.art\/wp-content\/uploads\/2025\/05\/Ono-1-768x512.png 768w\" sizes=\"auto, (max-width: 1536px) 100vw, 1536px\" \/><\/figure>\n\n\n\n<p class=\"has-text-align-center has-base-color has-text-color has-link-color wp-elements-7906505f1da82f4de85cca2b6ae378d7\" style=\"font-size:clamp(1.25rem, 1.25rem + ((1vw - 0.2rem) * 0.938), 2rem);\"><a href=\"https:\/\/piotrfron.art\/index.php\/ono-1\/\" data-type=\"link\" data-id=\"https:\/\/piotrfron.art\/index.php\/ono-1\/\">ONO-1<\/a><\/p>\n\n\n\n<p class=\"has-text-align-center has-lato-font-family\" style=\"font-size:0.6rem;font-style:italic;font-weight:400\">TEKST I DRAMATURGIA SPEKTAKLU<\/p>\n\n\n\n<p class=\"has-lato-font-family\" style=\"font-size:clamp(0.875rem, 0.875rem + ((1vw - 0.2rem) * 0.156), 1rem);\">Teatr Kochanowskiego w Opolu<\/p>\n<\/div>\n\n\n\n<div class=\"wp-block-group has-global-padding is-layout-constrained wp-container-core-group-is-layout-7db9d80f wp-block-group-is-layout-constrained\" style=\"padding-right:0;padding-left:0\"><\/div>\n<\/div>\n\n\n\n<div class=\"wp-block-group is-layout-grid wp-container-core-group-is-layout-038438ab wp-block-group-is-layout-grid\" style=\"border-style:none;border-width:0px;min-height:0px\">\n<div class=\"wp-block-group wp-container-content-98e6c26e is-vertical is-content-justification-left is-layout-flex wp-container-core-group-is-layout-dd225191 wp-block-group-is-layout-flex\">\n<figure class=\"wp-block-image size-full has-custom-border is-style-rounded wp-duotone-unset-3\" style=\"margin-top:0;margin-right:0;margin-bottom:0;margin-left:0\"><img loading=\"lazy\" decoding=\"async\" width=\"954\" height=\"635\" src=\"https:\/\/piotrfron.art\/wp-content\/uploads\/2025\/05\/Ciemnosci.jpg\" alt=\"\" class=\"wp-image-182\" style=\"border-style:none;border-width:0px;aspect-ratio:1;object-fit:cover\" srcset=\"https:\/\/piotrfron.art\/wp-content\/uploads\/2025\/05\/Ciemnosci.jpg 954w, https:\/\/piotrfron.art\/wp-content\/uploads\/2025\/05\/Ciemnosci-300x200.jpg 300w, https:\/\/piotrfron.art\/wp-content\/uploads\/2025\/05\/Ciemnosci-768x511.jpg 768w\" sizes=\"auto, (max-width: 954px) 100vw, 954px\" \/><\/figure>\n\n\n\n<p class=\"has-text-align-left has-base-color has-text-color has-link-color has-lato-font-family wp-elements-ddcc335615a051f09e05ff912d6f6264\" style=\"font-size:clamp(1.25rem, 1.25rem + ((1vw - 0.2rem) * 0.938), 2rem);\"><a href=\"https:\/\/piotrfron.art\/index.php\/ciemnosci-kryja-ziemie\/\" data-type=\"link\" data-id=\"https:\/\/piotrfron.art\/index.php\/ciemnosci-kryja-ziemie\/\">CIEMNO\u015aCI KRYJ\u0104 ZIEMI\u0118<\/a><\/p>\n\n\n\n<p class=\"has-text-align-center has-lato-font-family\" style=\"font-size:0.6rem;font-style:italic;font-weight:400\">ADAPTACJA I DRAMATURGIA SPEKTAKLU<\/p>\n\n\n\n<p class=\"has-lato-font-family\" style=\"font-size:clamp(0.875rem, 0.875rem + ((1vw - 0.2rem) * 0.156), 1rem);\">Teatr Wybrze\u017ce<\/p>\n<\/div>\n\n\n\n<div class=\"wp-block-group wp-container-content-98e6c26e is-vertical is-content-justification-left is-layout-flex wp-container-core-group-is-layout-dd225191 wp-block-group-is-layout-flex\">\n<figure class=\"wp-block-image size-full has-custom-border is-style-rounded wp-duotone-unset-4\" style=\"margin-top:0;margin-right:0;margin-bottom:0;margin-left:0\"><img loading=\"lazy\" decoding=\"async\" width=\"1200\" height=\"628\" src=\"https:\/\/piotrfron.art\/wp-content\/uploads\/2025\/05\/Bezdroze-1.jpg\" alt=\"\" class=\"wp-image-188\" style=\"border-style:none;border-width:0px;aspect-ratio:1;object-fit:cover\" srcset=\"https:\/\/piotrfron.art\/wp-content\/uploads\/2025\/05\/Bezdroze-1.jpg 1200w, https:\/\/piotrfron.art\/wp-content\/uploads\/2025\/05\/Bezdroze-1-300x157.jpg 300w, https:\/\/piotrfron.art\/wp-content\/uploads\/2025\/05\/Bezdroze-1-1024x536.jpg 1024w, https:\/\/piotrfron.art\/wp-content\/uploads\/2025\/05\/Bezdroze-1-768x402.jpg 768w\" sizes=\"auto, (max-width: 1200px) 100vw, 1200px\" \/><\/figure>\n\n\n\n<p class=\"has-text-align-left has-base-color has-text-color has-link-color has-lato-font-family wp-elements-ac5023a133d2d8c5a53f89ca1fdcd649\" style=\"font-size:clamp(1.25rem, 1.25rem + ((1vw - 0.2rem) * 0.938), 2rem);\"><a href=\"https:\/\/piotrfron.art\/index.php\/ciemnosci-kryja-ziemie\/\" data-type=\"link\" data-id=\"https:\/\/piotrfron.art\/index.php\/ciemnosci-kryja-ziemie\/\">BEZDRO\u017bE<\/a><\/p>\n\n\n\n<p class=\"has-text-align-center has-lato-font-family\" style=\"font-size:0.6rem;font-style:italic;font-weight:400\">HIPERTEKSTOWY REPORTA\u017b DRAMATYCZNY<\/p>\n\n\n\n<p class=\"has-lato-font-family\" style=\"font-size:clamp(0.875rem, 0.875rem + ((1vw - 0.2rem) * 0.156), 1rem);\">Wroc\u0142awski Teatr Wsp\u00f3\u0142czesny<\/p>\n<\/div>\n<\/div>\n\n\n\n<h2 class=\"wp-block-heading has-text-align-left has-lato-font-family has-large-font-size\" style=\"margin-top:var(--wp--preset--spacing--50);margin-bottom:0\">2023<\/h2>\n\n\n\n<div style=\"height:20px\" aria-hidden=\"true\" class=\"wp-block-spacer\"><\/div>\n\n\n\n<p><\/p>\n","protected":false},"excerpt":{"rendered":"<p>2024 MITOLOGIA DRAMATURGIA SPEKTAKLU Teatr \u017beromskiego w Kielcach ONO-1 TEKST I DRAMATURGIA SPEKTAKLU Teatr Kochanowskiego w Opolu CIEMNO\u015aCI KRYJ\u0104 ZIEMI\u0118 ADAPTACJA I DRAMATURGIA SPEKTAKLU Teatr Wybrze\u017ce BEZDRO\u017bE HIPERTEKSTOWY REPORTA\u017b DRAMATYCZNY Wroc\u0142awski Teatr Wsp\u00f3\u0142czesny 2023<\/p>\n","protected":false},"author":1,"featured_media":0,"parent":0,"menu_order":0,"comment_status":"closed","ping_status":"closed","template":"","meta":{"footnotes":""},"class_list":["post-39","page","type-page","status-publish","hentry"],"_links":{"self":[{"href":"https:\/\/piotrfron.art\/index.php\/wp-json\/wp\/v2\/pages\/39","targetHints":{"allow":["GET"]}}],"collection":[{"href":"https:\/\/piotrfron.art\/index.php\/wp-json\/wp\/v2\/pages"}],"about":[{"href":"https:\/\/piotrfron.art\/index.php\/wp-json\/wp\/v2\/types\/page"}],"author":[{"embeddable":true,"href":"https:\/\/piotrfron.art\/index.php\/wp-json\/wp\/v2\/users\/1"}],"replies":[{"embeddable":true,"href":"https:\/\/piotrfron.art\/index.php\/wp-json\/wp\/v2\/comments?post=39"}],"version-history":[{"count":19,"href":"https:\/\/piotrfron.art\/index.php\/wp-json\/wp\/v2\/pages\/39\/revisions"}],"predecessor-version":[{"id":189,"href":"https:\/\/piotrfron.art\/index.php\/wp-json\/wp\/v2\/pages\/39\/revisions\/189"}],"wp:attachment":[{"href":"https:\/\/piotrfron.art\/index.php\/wp-json\/wp\/v2\/media?parent=39"}],"curies":[{"name":"wp","href":"https:\/\/api.w.org\/{rel}","templated":true}]}}