{"id":26,"date":"2025-05-09T22:39:50","date_gmt":"2025-05-09T22:39:50","guid":{"rendered":"https:\/\/piotrfron.art\/?page_id=26"},"modified":"2025-05-16T19:32:13","modified_gmt":"2025-05-16T19:32:13","slug":"o-mnie","status":"publish","type":"page","link":"https:\/\/piotrfron.art\/index.php\/o-mnie\/","title":{"rendered":""},"content":{"rendered":"\n<figure class=\"wp-block-image size-large is-resized has-custom-border is-style-rounded\" style=\"margin-top:var(--wp--preset--spacing--20);margin-bottom:var(--wp--preset--spacing--20)\"><img loading=\"lazy\" decoding=\"async\" width=\"2560\" height=\"1707\" src=\"https:\/\/piotrfron.art\/wp-content\/uploads\/2025\/05\/IMG_1662-edited-scaled.jpg\" alt=\"\" class=\"wp-image-79\" style=\"border-style:none;border-width:0px;width:628px;height:auto\" srcset=\"https:\/\/piotrfron.art\/wp-content\/uploads\/2025\/05\/IMG_1662-edited-scaled.jpg 2560w, https:\/\/piotrfron.art\/wp-content\/uploads\/2025\/05\/IMG_1662-edited-300x200.jpg 300w, https:\/\/piotrfron.art\/wp-content\/uploads\/2025\/05\/IMG_1662-edited-1024x683.jpg 1024w, https:\/\/piotrfron.art\/wp-content\/uploads\/2025\/05\/IMG_1662-edited-768x512.jpg 768w, https:\/\/piotrfron.art\/wp-content\/uploads\/2025\/05\/IMG_1662-edited-1536x1024.jpg 1536w, https:\/\/piotrfron.art\/wp-content\/uploads\/2025\/05\/IMG_1662-edited-2048x1365.jpg 2048w\" sizes=\"auto, (max-width: 2560px) 100vw, 2560px\" \/><\/figure>\n\n\n\n<p class=\"has-lato-font-family has-small-font-size\" style=\"margin-top:var(--wp--preset--spacing--20);margin-bottom:var(--wp--preset--spacing--20)\">Urodzi\u0142em si\u0119 w 1994 roku w Ostrowie Wielkopolskim.<\/p>\n\n\n\n<p class=\"has-lato-font-family has-small-font-size\"><\/p>\n\n\n\n<p class=\"has-lato-font-family has-small-font-size\" style=\"margin-top:var(--wp--preset--spacing--20);margin-bottom:var(--wp--preset--spacing--20)\">Jestem\u00a0dramaturgiem i\u00a0animatorem kultury. Sko\u0144czy\u0142em filologi\u0119 polsk\u0105 na UAM oraz re\u017cyseri\u0119 w krakowskiej AST.  <\/p>\n\n\n\n<p class=\"has-lato-font-family has-small-font-size\" style=\"margin-top:0;margin-right:0;margin-bottom:0;margin-left:0\"><\/p>\n\n\n\n<p class=\"has-lato-font-family has-small-font-size\" style=\"margin-top:var(--wp--preset--spacing--20);margin-right:0;margin-bottom:var(--wp--preset--spacing--20);margin-left:0\">Od 2018 roku jako tw\u00f3rca zrealizowa\u0142em kilkana\u015bcie projekt\u00f3w teatralnych, performatywnych i literackich. Tworzy\u0142em teksty i dramaturgi\u0119 przedstawie\u0144, re\u017cyserowa\u0142em performance\u2019y, tworzy\u0142em instalacje. Wsp\u00f3\u0142pracowa\u0142em z takimi instytucjami, jak Nowy Teatr w Warszawie, Narodowy Stary Teatr w Krakowie, Wroc\u0142awski Teatr Wsp\u00f3\u0142czesny, Teatr \u0141a\u017ania Nowa, Teatr Wybrze\u017ce, Teatr im. Jana Kochanowskiego w Opolu czy Teatr im. Stefana \u017beromskiego w Kielcach. <\/p>\n\n\n\n<p class=\"has-lato-font-family has-small-font-size\" style=\"margin-top:var(--wp--preset--spacing--20);margin-bottom:var(--wp--preset--spacing--20)\">By\u0142em beneficjentem stypendi\u00f3w artystycznych i naukowych: rektora UAM, miasta sto\u0142ecznego Warszawy, miasta Wroc\u0142awia.<\/p>\n\n\n\n<p class=\"has-lato-font-family has-small-font-size\"><\/p>\n\n\n\n<p class=\"has-lato-font-family has-small-font-size\" style=\"margin-top:var(--wp--preset--spacing--20);margin-bottom:var(--wp--preset--spacing--20)\">Od 2025 roku jestem cz\u0142onkiem dzia\u0142u sztuki i edukacji Centrum Sztuki Dziecka w Poznaniu.<\/p>\n\n\n\n<p class=\"has-lato-font-family has-small-font-size\">Mieszkam w Poznaniu. W wolnym czasie czytam ksi\u0105\u017cki i o ksi\u0105\u017ckach, ucz\u0119 si\u0119 robi\u0107 gry na PICO-8, zbieram stare bajki muzyczne na winylach, chodz\u0119 na spacery nad Wart\u0105 oraz gram w gry fabularne.<\/p>\n","protected":false},"excerpt":{"rendered":"<p>Urodzi\u0142em si\u0119 w 1994 roku w Ostrowie Wielkopolskim. Jestem\u00a0dramaturgiem i\u00a0animatorem kultury. Sko\u0144czy\u0142em filologi\u0119 polsk\u0105 na UAM oraz re\u017cyseri\u0119 w krakowskiej AST. Od 2018 roku jako tw\u00f3rca zrealizowa\u0142em kilkana\u015bcie projekt\u00f3w teatralnych, performatywnych i literackich. Tworzy\u0142em teksty i dramaturgi\u0119 przedstawie\u0144, re\u017cyserowa\u0142em performance\u2019y, tworzy\u0142em instalacje. Wsp\u00f3\u0142pracowa\u0142em z takimi instytucjami, jak Nowy Teatr w Warszawie, Narodowy Stary Teatr w [&hellip;]<\/p>\n","protected":false},"author":1,"featured_media":0,"parent":0,"menu_order":0,"comment_status":"closed","ping_status":"closed","template":"","meta":{"footnotes":""},"class_list":["post-26","page","type-page","status-publish","hentry"],"_links":{"self":[{"href":"https:\/\/piotrfron.art\/index.php\/wp-json\/wp\/v2\/pages\/26","targetHints":{"allow":["GET"]}}],"collection":[{"href":"https:\/\/piotrfron.art\/index.php\/wp-json\/wp\/v2\/pages"}],"about":[{"href":"https:\/\/piotrfron.art\/index.php\/wp-json\/wp\/v2\/types\/page"}],"author":[{"embeddable":true,"href":"https:\/\/piotrfron.art\/index.php\/wp-json\/wp\/v2\/users\/1"}],"replies":[{"embeddable":true,"href":"https:\/\/piotrfron.art\/index.php\/wp-json\/wp\/v2\/comments?post=26"}],"version-history":[{"count":9,"href":"https:\/\/piotrfron.art\/index.php\/wp-json\/wp\/v2\/pages\/26\/revisions"}],"predecessor-version":[{"id":144,"href":"https:\/\/piotrfron.art\/index.php\/wp-json\/wp\/v2\/pages\/26\/revisions\/144"}],"wp:attachment":[{"href":"https:\/\/piotrfron.art\/index.php\/wp-json\/wp\/v2\/media?parent=26"}],"curies":[{"name":"wp","href":"https:\/\/api.w.org\/{rel}","templated":true}]}}