{"id":180,"date":"2025-05-17T15:40:17","date_gmt":"2025-05-17T15:40:17","guid":{"rendered":"https:\/\/piotrfron.art\/?page_id=180"},"modified":"2025-05-17T15:48:07","modified_gmt":"2025-05-17T15:48:07","slug":"ciemnosci-kryja-ziemie","status":"publish","type":"page","link":"https:\/\/piotrfron.art\/index.php\/ciemnosci-kryja-ziemie\/","title":{"rendered":""},"content":{"rendered":"\n<figure class=\"wp-block-image aligncenter size-full is-style-rounded\" style=\"margin-top:0;margin-bottom:0\"><img loading=\"lazy\" decoding=\"async\" width=\"954\" height=\"635\" src=\"https:\/\/piotrfron.art\/wp-content\/uploads\/2025\/05\/Ciemnosci.jpg\" alt=\"\" class=\"wp-image-182\" srcset=\"https:\/\/piotrfron.art\/wp-content\/uploads\/2025\/05\/Ciemnosci.jpg 954w, https:\/\/piotrfron.art\/wp-content\/uploads\/2025\/05\/Ciemnosci-300x200.jpg 300w, https:\/\/piotrfron.art\/wp-content\/uploads\/2025\/05\/Ciemnosci-768x511.jpg 768w\" sizes=\"auto, (max-width: 954px) 100vw, 954px\" \/><\/figure>\n\n\n\n<div style=\"height:31px\" aria-hidden=\"true\" class=\"wp-block-spacer\"><\/div>\n\n\n\n<p class=\"has-text-align-right\" style=\"margin-bottom:var(--wp--preset--spacing--20);font-size:0.7rem\">fot. Dawid Stube<\/p>\n\n\n\n<p class=\"has-text-align-left has-lato-font-family\">Jerzy Andrzejewski<\/p>\n\n\n\n<p class=\"has-text-align-left has-lato-font-family has-x-large-font-size\" style=\"font-style:normal;font-weight:400;letter-spacing:-1px;line-height:1.2\">Ciemno\u015bci kryj\u0105 ziemi\u0119<\/p>\n\n\n\n<p class=\"has-text-align-left has-lato-font-family has-small-font-size\" style=\"margin-top:var(--wp--preset--spacing--20)\">TEATR WYBRZE\u017bE<\/p>\n\n\n\n<p class=\"has-text-align-left has-lato-font-family has-small-font-size\" style=\"margin-top:0;margin-bottom:var(--wp--preset--spacing--20);font-style:italic;font-weight:400\">PREMIERA: 12 kwietnia 2024<\/p>\n\n\n\n<p class=\"has-lato-font-family\" style=\"margin-top:var(--wp--preset--spacing--20);margin-bottom:var(--wp--preset--spacing--20)\">\u201eGdybym m\u00f3g\u0142 si\u0119 modli\u0107, modli\u0142bym si\u0119 o jego \u015bmier\u0107\u201d &#8211; m\u00f3wi m\u0142ody dominikanin Diego o Wielkim Inkwizytorze Tomasie Torquemadzie, kt\u00f3ry w\u0142a\u015bnie przekracza bramy miasta Villa-R\u00e9al. Przepe\u0142niony strachem klasztor staje si\u0119 miejscem dzia\u0142ania przyw\u00f3dcy \u015awi\u0119tej Inkwizycji. Miejscem konfrontacji, kt\u00f3ra odmieni \u017cycie ka\u017cdego z nich.<\/p>\n\n\n\n<p><\/p>\n\n\n\n<p class=\"has-lato-font-family has-medium-font-size\" style=\"margin-top:var(--wp--preset--spacing--20);margin-bottom:var(--wp--preset--spacing--20)\">Adaptacja opublikowanej w 1957 roku powie\u015bci Jerzego Andrzejewskiego to laboratorium relacji mi\u0119dzyludzkich, motywacji i pragnie\u0144 postaci w sytuacjach w\u0142adzy, hierarchii i przepe\u0142niaj\u0105cej wszystko ideologii. Tw\u00f3rcy spektaklu koncentruj\u0105 si\u0119 na tym, co w bohaterach ma\u0142e i intymne, a wi\u0119c uniwersalne i nam bliskie. W ich interpretacji jest to nie tyle historia o inkwizycji, ile opowie\u015b\u0107 o codziennym l\u0119ku, konformizmie, odwadze, pokusie w\u0142adzy i buncie.<\/p>\n\n\n\n<p><\/p>\n\n\n\n<p><\/p>\n\n\n\n<p class=\"has-text-align-right has-lato-font-family\">[opis pochodzi ze strony teatru]<\/p>\n\n\n\n<p class=\"has-lato-font-family has-medium-font-size\" style=\"margin-top:var(--wp--preset--spacing--50);margin-bottom:var(--wp--preset--spacing--20);font-style:normal;font-weight:900\">OBSADA<\/p>\n\n\n\n<div class=\"wp-block-group has-global-padding is-layout-constrained wp-block-group-is-layout-constrained\" style=\"margin-top:var(--wp--preset--spacing--20);margin-bottom:var(--wp--preset--spacing--20)\">\n<p class=\"has-lato-font-family has-small-font-size\">Tom\u00e1s de Torquemada<\/p>\n\n\n\n<p class=\"has-lato-font-family has-medium-font-size\">Miros\u0142aw Baka<\/p>\n<\/div>\n\n\n\n<p class=\"has-lato-font-family has-medium-font-size\"><\/p>\n\n\n\n<div class=\"wp-block-group has-global-padding is-layout-constrained wp-block-group-is-layout-constrained\" style=\"margin-top:var(--wp--preset--spacing--20);margin-bottom:var(--wp--preset--spacing--20)\">\n<p class=\"has-lato-font-family has-small-font-size\">Diego de Manente<\/p>\n\n\n\n<p class=\"has-lato-font-family has-medium-font-size\">Piotr Biedro\u0144<\/p>\n<\/div>\n\n\n\n<p class=\"has-lato-font-family has-medium-font-size\"><\/p>\n\n\n\n<div class=\"wp-block-group has-global-padding is-layout-constrained wp-block-group-is-layout-constrained\" style=\"margin-top:var(--wp--preset--spacing--20);margin-bottom:var(--wp--preset--spacing--20)\">\n<p class=\"has-lato-font-family has-small-font-size\">Mateo Dara<\/p>\n\n\n\n<p class=\"has-lato-font-family has-medium-font-size\">Maciej Konopi\u0144ski<\/p>\n<\/div>\n\n\n\n<p class=\"has-lato-font-family has-medium-font-size\"><\/p>\n\n\n\n<div class=\"wp-block-group has-global-padding is-layout-constrained wp-block-group-is-layout-constrained\" style=\"margin-top:var(--wp--preset--spacing--20);margin-bottom:var(--wp--preset--spacing--20)\">\n<p class=\"has-lato-font-family has-small-font-size\">Lorenzo de Montesa<\/p>\n\n\n\n<p class=\"has-lato-font-family has-medium-font-size\">Jakub Nosiadek<\/p>\n\n\n\n<div class=\"wp-block-group has-global-padding is-layout-constrained wp-block-group-is-layout-constrained\" style=\"margin-top:var(--wp--preset--spacing--20);margin-bottom:var(--wp--preset--spacing--20)\">\n<p class=\"has-lato-font-family has-small-font-size\">Rodrigo de Castro<\/p>\n\n\n\n<p class=\"has-lato-font-family has-medium-font-size\">Grzegorz Otr\u0119bski<\/p>\n<\/div>\n\n\n\n<p class=\"has-lato-font-family has-medium-font-size\"><\/p>\n\n\n\n<div class=\"wp-block-group has-global-padding is-layout-constrained wp-block-group-is-layout-constrained\" style=\"margin-top:var(--wp--preset--spacing--20);margin-bottom:var(--wp--preset--spacing--20)\">\n<p class=\"has-lato-font-family has-small-font-size\">Carlos de Sigura<\/p>\n\n\n\n<p class=\"has-lato-font-family has-medium-font-size\">Cezary Rybi\u0144ski<\/p>\n<\/div>\n\n\n\n<p class=\"has-lato-font-family has-medium-font-size\"><\/p>\n\n\n\n<div class=\"wp-block-group has-global-padding is-layout-constrained wp-block-group-is-layout-constrained\" style=\"margin-top:var(--wp--preset--spacing--20);margin-bottom:var(--wp--preset--spacing--20)\">\n<p class=\"has-lato-font-family has-small-font-size\">Blasco de la Cuesta<\/p>\n\n\n\n<p class=\"has-lato-font-family has-medium-font-size\">Jaros\u0142aw Tyra\u0144ski<\/p>\n<\/div>\n\n\n\n<div class=\"wp-block-group has-global-padding is-layout-constrained wp-block-group-is-layout-constrained\" style=\"margin-top:var(--wp--preset--spacing--20);margin-bottom:var(--wp--preset--spacing--20)\">\n<p class=\"has-lato-font-family has-medium-font-size\"><\/p>\n<\/div>\n<\/div>\n\n\n\n<p class=\"has-lato-font-family has-medium-font-size\" style=\"margin-top:var(--wp--preset--spacing--50);margin-bottom:var(--wp--preset--spacing--20);font-style:normal;font-weight:900\">REALIZACJA<\/p>\n\n\n\n<p class=\"has-lato-font-family has-medium-font-size\"><\/p>\n\n\n\n<div class=\"wp-block-group has-global-padding is-layout-constrained wp-block-group-is-layout-constrained\" style=\"margin-top:var(--wp--preset--spacing--20);margin-bottom:var(--wp--preset--spacing--20)\">\n<p class=\"has-lato-font-family has-small-font-size\">Re\u017cyseria <\/p>\n\n\n\n<p class=\"has-lato-font-family has-medium-font-size\">Tomasz Fryze\u0142<\/p>\n<\/div>\n\n\n\n<p class=\"has-lato-font-family has-medium-font-size\"><\/p>\n\n\n\n<div class=\"wp-block-group has-global-padding is-layout-constrained wp-block-group-is-layout-constrained\" style=\"margin-top:var(--wp--preset--spacing--20);margin-bottom:var(--wp--preset--spacing--20)\">\n<p class=\"has-lato-font-family has-small-font-size\">Adaptacja i dramaturgia<\/p>\n\n\n\n<p class=\"has-lato-font-family has-medium-font-size\">Piotr Fro\u0144<\/p>\n<\/div>\n\n\n\n<p class=\"has-lato-font-family has-medium-font-size\"><\/p>\n\n\n\n<div class=\"wp-block-group has-global-padding is-layout-constrained wp-block-group-is-layout-constrained\" style=\"margin-top:var(--wp--preset--spacing--20);margin-bottom:var(--wp--preset--spacing--20)\">\n<p class=\"has-lato-font-family has-small-font-size\">Scenografia i kostiumy<\/p>\n\n\n\n<p class=\"has-lato-font-family has-medium-font-size\">Anna Oramus<\/p>\n<\/div>\n\n\n\n<p class=\"has-lato-font-family has-medium-font-size\"><\/p>\n\n\n\n<div class=\"wp-block-group has-global-padding is-layout-constrained wp-block-group-is-layout-constrained\" style=\"margin-top:var(--wp--preset--spacing--20);margin-bottom:var(--wp--preset--spacing--20)\">\n<p class=\"has-lato-font-family has-small-font-size\">Muzyka<\/p>\n\n\n\n<p class=\"has-lato-font-family has-medium-font-size\">Nikodem Dybi\u0144ski<\/p>\n<\/div>\n\n\n\n<p class=\"has-lato-font-family has-medium-font-size\"><\/p>\n\n\n\n<div class=\"wp-block-group has-global-padding is-layout-constrained wp-block-group-is-layout-constrained\" style=\"margin-top:var(--wp--preset--spacing--20);margin-bottom:var(--wp--preset--spacing--20)\">\n<p class=\"has-lato-font-family has-small-font-size\">Re\u017cyseria \u015bwiate\u0142<\/p>\n\n\n\n<p class=\"has-lato-font-family has-medium-font-size\">Klaudyna Schubert<\/p>\n<\/div>\n\n\n\n<p class=\"has-lato-font-family has-medium-font-size\"><\/p>\n\n\n\n<div class=\"wp-block-group has-global-padding is-layout-constrained wp-block-group-is-layout-constrained\" style=\"margin-top:var(--wp--preset--spacing--20);margin-bottom:var(--wp--preset--spacing--20)\">\n<p class=\"has-lato-font-family has-small-font-size\">Asystent re\u017cysera<\/p>\n\n\n\n<p class=\"has-lato-font-family has-medium-font-size\">Grzegorz Otr\u0119bski<\/p>\n<\/div>\n\n\n\n<p class=\"has-lato-font-family has-medium-font-size\"><\/p>\n\n\n\n<div class=\"wp-block-group has-global-padding is-layout-constrained wp-block-group-is-layout-constrained\" style=\"margin-top:var(--wp--preset--spacing--20);margin-bottom:var(--wp--preset--spacing--20)\">\n<p class=\"has-lato-font-family has-small-font-size\">Inspicjentka-suflerka<\/p>\n\n\n\n<p class=\"has-lato-font-family has-medium-font-size\">Weronika Mathes<\/p>\n<\/div>\n\n\n\n<p class=\"has-lato-font-family has-medium-font-size\"><\/p>\n\n\n\n<div class=\"wp-block-group has-global-padding is-layout-constrained wp-block-group-is-layout-constrained\" style=\"margin-top:var(--wp--preset--spacing--20);margin-bottom:var(--wp--preset--spacing--20)\">\n<p class=\"has-lato-font-family has-small-font-size\">Projekt plakatu<\/p>\n\n\n\n<p class=\"has-lato-font-family has-medium-font-size\">Patryk Hardziej<\/p>\n<\/div>\n\n\n\n<p class=\"has-lato-font-family has-medium-font-size\"><\/p>\n\n\n\n<div class=\"wp-block-group has-global-padding is-layout-constrained wp-block-group-is-layout-constrained\" style=\"margin-top:var(--wp--preset--spacing--20);margin-bottom:var(--wp--preset--spacing--20)\">\n<p class=\"has-lato-font-family has-small-font-size\">Zdj\u0119cia ze spektaklu<\/p>\n\n\n\n<p class=\"has-lato-font-family has-medium-font-size\">Dawid Stube<\/p>\n<\/div>\n\n\n\n<p class=\"has-lato-font-family has-medium-font-size\"><\/p>\n\n\n\n<hr class=\"wp-block-separator has-text-color has-vivid-red-color has-alpha-channel-opacity has-vivid-red-background-color has-background is-style-dots\" style=\"margin-top:var(--wp--preset--spacing--20);margin-bottom:var(--wp--preset--spacing--20)\"\/>\n\n\n\n<div class=\"wp-block-buttons is-layout-flex wp-block-buttons-is-layout-flex\">\n<div class=\"wp-block-button\"><a class=\"wp-block-button__link has-contrast-color has-vivid-red-background-color has-text-color has-background has-link-color wp-element-button\" href=\"https:\/\/teatrwybrzeze.pl\/spektakle\/ciemnosci-kryja-ziemie\" style=\"padding-top:0;padding-bottom:0\">bilety<\/a><\/div>\n<\/div>\n\n\n\n<p><\/p>\n","protected":false},"excerpt":{"rendered":"<p>fot. Dawid Stube Jerzy Andrzejewski Ciemno\u015bci kryj\u0105 ziemi\u0119 TEATR WYBRZE\u017bE PREMIERA: 12 kwietnia 2024 \u201eGdybym m\u00f3g\u0142 si\u0119 modli\u0107, modli\u0142bym si\u0119 o jego \u015bmier\u0107\u201d &#8211; m\u00f3wi m\u0142ody dominikanin Diego o Wielkim Inkwizytorze Tomasie Torquemadzie, kt\u00f3ry w\u0142a\u015bnie przekracza bramy miasta Villa-R\u00e9al. Przepe\u0142niony strachem klasztor staje si\u0119 miejscem dzia\u0142ania przyw\u00f3dcy \u015awi\u0119tej Inkwizycji. Miejscem konfrontacji, kt\u00f3ra odmieni \u017cycie ka\u017cdego [&hellip;]<\/p>\n","protected":false},"author":1,"featured_media":0,"parent":0,"menu_order":0,"comment_status":"closed","ping_status":"closed","template":"","meta":{"footnotes":""},"class_list":["post-180","page","type-page","status-publish","hentry"],"_links":{"self":[{"href":"https:\/\/piotrfron.art\/index.php\/wp-json\/wp\/v2\/pages\/180","targetHints":{"allow":["GET"]}}],"collection":[{"href":"https:\/\/piotrfron.art\/index.php\/wp-json\/wp\/v2\/pages"}],"about":[{"href":"https:\/\/piotrfron.art\/index.php\/wp-json\/wp\/v2\/types\/page"}],"author":[{"embeddable":true,"href":"https:\/\/piotrfron.art\/index.php\/wp-json\/wp\/v2\/users\/1"}],"replies":[{"embeddable":true,"href":"https:\/\/piotrfron.art\/index.php\/wp-json\/wp\/v2\/comments?post=180"}],"version-history":[{"count":3,"href":"https:\/\/piotrfron.art\/index.php\/wp-json\/wp\/v2\/pages\/180\/revisions"}],"predecessor-version":[{"id":186,"href":"https:\/\/piotrfron.art\/index.php\/wp-json\/wp\/v2\/pages\/180\/revisions\/186"}],"wp:attachment":[{"href":"https:\/\/piotrfron.art\/index.php\/wp-json\/wp\/v2\/media?parent=180"}],"curies":[{"name":"wp","href":"https:\/\/api.w.org\/{rel}","templated":true}]}}