{"id":120,"date":"2025-05-16T18:43:26","date_gmt":"2025-05-16T18:43:26","guid":{"rendered":"https:\/\/piotrfron.art\/?page_id=120"},"modified":"2025-05-17T10:31:31","modified_gmt":"2025-05-17T10:31:31","slug":"mitologia-nie-chce-mi-sie-nic-nie-robic","status":"publish","type":"page","link":"https:\/\/piotrfron.art\/index.php\/mitologia-nie-chce-mi-sie-nic-nie-robic\/","title":{"rendered":""},"content":{"rendered":"\n<figure class=\"wp-block-image aligncenter size-large is-style-rounded\" style=\"margin-top:0;margin-bottom:0\"><img loading=\"lazy\" decoding=\"async\" width=\"1024\" height=\"683\" src=\"http:\/\/piotrfron.art\/wp-content\/uploads\/2025\/05\/Mitologia-1024x683.webp\" alt=\"\" class=\"wp-image-108\" srcset=\"https:\/\/piotrfron.art\/wp-content\/uploads\/2025\/05\/Mitologia-1024x683.webp 1024w, https:\/\/piotrfron.art\/wp-content\/uploads\/2025\/05\/Mitologia-300x200.webp 300w, https:\/\/piotrfron.art\/wp-content\/uploads\/2025\/05\/Mitologia-768x512.webp 768w, https:\/\/piotrfron.art\/wp-content\/uploads\/2025\/05\/Mitologia-1536x1025.webp 1536w, https:\/\/piotrfron.art\/wp-content\/uploads\/2025\/05\/Mitologia.webp 1920w\" sizes=\"auto, (max-width: 1024px) 100vw, 1024px\" \/><\/figure>\n\n\n\n<div style=\"height:31px\" aria-hidden=\"true\" class=\"wp-block-spacer\"><\/div>\n\n\n\n<p class=\"has-text-align-right\" style=\"margin-bottom:var(--wp--preset--spacing--20);font-size:0.7rem\">fot. Karpati&amp;Zarewicz<\/p>\n\n\n\n<p class=\"has-text-align-left has-lato-font-family\">Daria Kubisiak\/Weronika Kr\u00f3wka<\/p>\n\n\n\n<p class=\"has-text-align-left has-lato-font-family has-x-large-font-size\" style=\"font-style:normal;font-weight:400;letter-spacing:-1px;line-height:1.2\">Mitologia. nie chce mi si\u0119 nic nie robi\u0107<\/p>\n\n\n\n<p class=\"has-text-align-left has-lato-font-family has-small-font-size\" style=\"margin-top:var(--wp--preset--spacing--20)\">TEATR \u017bEROMSKIEGO W KIELCACH<\/p>\n\n\n\n<p class=\"has-text-align-left has-lato-font-family has-small-font-size\" style=\"margin-top:0;margin-bottom:var(--wp--preset--spacing--20);font-style:italic;font-weight:400\">PREMIERA: 6 grudnia 2024 <\/p>\n\n\n\n<p class=\"has-lato-font-family\" style=\"margin-top:var(--wp--preset--spacing--20);margin-bottom:var(--wp--preset--spacing--20)\">Przedstawienie czerpie inspiracj\u0119 z klasycznych mit\u00f3w, kt\u00f3re w nowatorski spos\u00f3b ukazuj\u0105 \u015bwiat greckich bog\u00f3w i heros\u00f3w, dostosowuj\u0105c go do wsp\u00f3\u0142czesnych reali\u00f3w m\u0142odzie\u017cy szkolnej. Opowiada histori\u0119 uczni\u00f3w, kt\u00f3rzy sami organizuj\u0105 lekcj\u0119 j\u0119zyka polskiego, tworz\u0105c mitologiczn\u0105 opowie\u015b\u0107 dopasowan\u0105 do swoich potrzeb.<\/p>\n\n\n\n<p><\/p>\n\n\n\n<p class=\"has-lato-font-family has-medium-font-size\" style=\"margin-top:var(--wp--preset--spacing--20);margin-bottom:var(--wp--preset--spacing--20)\">Spektakl wyr\u00f3\u017cnia si\u0119 \u015bwie\u017cym podej\u015bciem do klasyki \u2013 tre\u015b\u0107 mit\u00f3w staje si\u0119 baz\u0105 do dynamicznej, pe\u0142nej energii i humoru inscenizacji. Dzi\u0119ki muzyce na \u017cywo, nowoczesnym dialogom i interakcjom mi\u0119dzy postaciami, mitologiczne w\u0105tki nabieraj\u0105 nowego, przyst\u0119pnego wymiaru dla m\u0142odej widowni. Relacje mi\u0119dzy Heraklesem, Tezeuszem, Orfeuszem, Demeter i Persefon\u0105 przedstawione s\u0105 przez pryzmat problem\u00f3w wsp\u00f3\u0142czesnej m\u0142odzie\u017cy, takich jak presja, l\u0119ki, relacje z autorytetami czy poszukiwanie w\u0142asnej to\u017csamo\u015bci.<\/p>\n\n\n\n<p><\/p>\n\n\n\n<p class=\"has-lato-font-family has-medium-font-size\" style=\"margin-top:var(--wp--preset--spacing--20);margin-bottom:var(--wp--preset--spacing--20)\">Ca\u0142o\u015b\u0107 wzbogacona jest o elementy muzyczne, w tym hymn inspirowany &#8222;Od\u0105 do m\u0142odo\u015bci&#8221; Adama Mickiewicza oraz pe\u0142n\u0105 humoru i ironii interpretacj\u0119 mit\u00f3w takich jak historia o Heraklesie czy walka z Hydr\u0105 Lernejsk\u0105. Przedstawienie nie tylko bawi, ale te\u017c anga\u017cuje intelektualnie, sk\u0142aniaj\u0105c widza do refleksji nad tym, jak mitologiczne symbole mog\u0105 odnosi\u0107 si\u0119 do wsp\u00f3\u0142czesnych do\u015bwiadcze\u0144 m\u0142odzie\u017cy.<\/p>\n\n\n\n<p><\/p>\n\n\n\n<p class=\"has-lato-font-family has-medium-font-size\" style=\"margin-top:var(--wp--preset--spacing--20);margin-bottom:var(--wp--preset--spacing--20)\">Wybrane spektakle prezentowane b\u0119d\u0105 wraz z prelekcj\u0105&nbsp;przygotowan\u0105 przez edukatork\u0119 teatru Ann\u0119&nbsp;Wolszczak. Dla wszystkich os\u00f3b ucz\u0105cych oraz ucz\u0105cych si\u0119 b\u0119d\u0105 dost\u0119pne darmowe programy&nbsp;Gazeta Teatralna opracowane przez Luiz\u0119 Buras-Sok\u00f3\u0142 oraz materia\u0142y edukacyjne dost\u0119pne do pobrania na naszej stronie internetowej.<\/p>\n\n\n\n<p><\/p>\n\n\n\n<p class=\"has-lato-font-family has-medium-font-size\" style=\"margin-top:var(--wp--preset--spacing--20);margin-bottom:var(--wp--preset--spacing--20)\">Przed wizyt\u0105 w teatrze warto przypomnie\u0107 sobie mity o Demeter i Persefonie, Ariadnie i Tezeuszu, Dedalu i Ikarze, Orfeuszu i Eurydyce, dzieje Heraklesa, mit o powstaniu \u015bwiata oraz histori\u0119 Syzyfa.<\/p>\n\n\n\n<p><\/p>\n\n\n\n<p class=\"has-lato-font-family has-medium-font-size\" style=\"margin-top:var(--wp--preset--spacing--20);margin-bottom:var(--wp--preset--spacing--20)\">Tw\u00f3rczynie i tw\u00f3rcy spektaklu dzi\u0119kuj\u0105 Pani Joannie W\u00f3jcik, dyrektorce Szko\u0142y Podstawowej nr 2 im. Marii Konopnickiej w Kielcach, za udost\u0119pnienie przestrzeni plac\u00f3wki na potrzeby nagrania wideo, oraz Pani Hannie Nosal, pedago\u017cce szko\u0142y, za pomoc merytoryczn\u0105.<\/p>\n\n\n\n<p><\/p>\n\n\n\n<p class=\"has-text-align-right has-lato-font-family\">[opis pochodzi ze strony teatru]<\/p>\n\n\n\n<p class=\"has-lato-font-family has-medium-font-size\" style=\"margin-top:var(--wp--preset--spacing--50);margin-bottom:var(--wp--preset--spacing--20);font-style:normal;font-weight:900\">OBSADA<\/p>\n\n\n\n<div class=\"wp-block-group has-global-padding is-layout-constrained wp-block-group-is-layout-constrained\" style=\"margin-top:var(--wp--preset--spacing--20);margin-bottom:var(--wp--preset--spacing--20)\">\n<p class=\"has-lato-font-family has-small-font-size\">Persefona<\/p>\n\n\n\n<p class=\"has-lato-font-family has-medium-font-size\">Dagna Dywicka<\/p>\n<\/div>\n\n\n\n<p class=\"has-lato-font-family has-medium-font-size\"><\/p>\n\n\n\n<div class=\"wp-block-group has-global-padding is-layout-constrained wp-block-group-is-layout-constrained\" style=\"margin-top:var(--wp--preset--spacing--20);margin-bottom:var(--wp--preset--spacing--20)\">\n<p class=\"has-lato-font-family has-small-font-size\">Tezeusz<\/p>\n\n\n\n<p class=\"has-lato-font-family has-medium-font-size\">Ewelina Gronowska<\/p>\n<\/div>\n\n\n\n<p class=\"has-lato-font-family has-medium-font-size\"><\/p>\n\n\n\n<div class=\"wp-block-group has-global-padding is-layout-constrained wp-block-group-is-layout-constrained\" style=\"margin-top:var(--wp--preset--spacing--20);margin-bottom:var(--wp--preset--spacing--20)\">\n<p class=\"has-lato-font-family has-small-font-size\">Orfeusz<\/p>\n\n\n\n<p class=\"has-lato-font-family has-medium-font-size\">Klaudia Janas<\/p>\n<\/div>\n\n\n\n<p class=\"has-lato-font-family has-medium-font-size\"><\/p>\n\n\n\n<div class=\"wp-block-group has-global-padding is-layout-constrained wp-block-group-is-layout-constrained\" style=\"margin-top:var(--wp--preset--spacing--20);margin-bottom:var(--wp--preset--spacing--20)\">\n<p class=\"has-lato-font-family has-small-font-size\">Demeter<\/p>\n\n\n\n<p class=\"has-lato-font-family has-medium-font-size\">Joanna Kasperek<\/p>\n<\/div>\n\n\n\n<p class=\"has-lato-font-family has-medium-font-size\"><\/p>\n\n\n\n<div class=\"wp-block-group has-global-padding is-layout-constrained wp-block-group-is-layout-constrained\" style=\"margin-top:var(--wp--preset--spacing--20);margin-bottom:var(--wp--preset--spacing--20)\">\n<p class=\"has-lato-font-family has-small-font-size\">Ariadna<\/p>\n\n\n\n<p class=\"has-lato-font-family has-medium-font-size\">Beata Pszeniczna<\/p>\n\n\n\n<div class=\"wp-block-group has-global-padding is-layout-constrained wp-block-group-is-layout-constrained\" style=\"margin-top:var(--wp--preset--spacing--20);margin-bottom:var(--wp--preset--spacing--20)\">\n<p class=\"has-lato-font-family has-small-font-size\">Eurydyka<\/p>\n\n\n\n<p class=\"has-lato-font-family has-medium-font-size\">Zuzanna Wierzbi\u0144ska<\/p>\n<\/div>\n\n\n\n<p class=\"has-lato-font-family has-medium-font-size\"><\/p>\n\n\n\n<div class=\"wp-block-group has-global-padding is-layout-constrained wp-block-group-is-layout-constrained\" style=\"margin-top:var(--wp--preset--spacing--20);margin-bottom:var(--wp--preset--spacing--20)\">\n<p class=\"has-lato-font-family has-small-font-size\">Zeus<\/p>\n\n\n\n<p class=\"has-lato-font-family has-medium-font-size\">Jacek M\u0105ka<\/p>\n<\/div>\n\n\n\n<p class=\"has-lato-font-family has-medium-font-size\"><\/p>\n\n\n\n<div class=\"wp-block-group has-global-padding is-layout-constrained wp-block-group-is-layout-constrained\" style=\"margin-top:var(--wp--preset--spacing--20);margin-bottom:var(--wp--preset--spacing--20)\">\n<p class=\"has-lato-font-family has-small-font-size\">Herakles<\/p>\n\n\n\n<p class=\"has-lato-font-family has-medium-font-size\">\u0141ukasz Pruchniewicz<\/p>\n<\/div>\n\n\n\n<p class=\"has-lato-font-family has-medium-font-size\"><\/p>\n\n\n\n<div class=\"wp-block-group has-global-padding is-layout-constrained wp-block-group-is-layout-constrained\" style=\"margin-top:var(--wp--preset--spacing--20);margin-bottom:var(--wp--preset--spacing--20)\">\n<p class=\"has-lato-font-family has-small-font-size\">Ikar<\/p>\n\n\n\n<p class=\"has-lato-font-family has-medium-font-size\">Dawid \u017b\u0142obi\u0144ski<\/p>\n<\/div>\n\n\n\n<p class=\"has-lato-font-family has-medium-font-size\"><\/p>\n\n\n\n<div class=\"wp-block-group has-global-padding is-layout-constrained wp-block-group-is-layout-constrained\" style=\"margin-top:var(--wp--preset--spacing--20);margin-bottom:var(--wp--preset--spacing--20)\">\n<p class=\"has-lato-font-family has-small-font-size\">Syzyf (w nagraniach audio i wideo)<\/p>\n\n\n\n<p class=\"has-lato-font-family has-medium-font-size\">Janusz G\u0142ogowski<\/p>\n\n\n\n<p class=\"has-lato-font-family has-medium-font-size\"><\/p>\n<\/div>\n<\/div>\n\n\n\n<p class=\"has-lato-font-family has-medium-font-size\" style=\"margin-top:var(--wp--preset--spacing--50);margin-bottom:var(--wp--preset--spacing--20);font-style:normal;font-weight:900\">REALIZACJA<\/p>\n\n\n\n<p class=\"has-lato-font-family has-medium-font-size\"><\/p>\n\n\n\n<div class=\"wp-block-group has-global-padding is-layout-constrained wp-block-group-is-layout-constrained\" style=\"margin-top:var(--wp--preset--spacing--20);margin-bottom:var(--wp--preset--spacing--20)\">\n<p class=\"has-lato-font-family has-small-font-size\">Re\u017cyseria i scenariusz (inspirowany mitami greckimi)<\/p>\n\n\n\n<p class=\"has-lato-font-family has-medium-font-size\">Daria Kubisiak<\/p>\n<\/div>\n\n\n\n<p class=\"has-lato-font-family has-medium-font-size\"><\/p>\n\n\n\n<div class=\"wp-block-group has-global-padding is-layout-constrained wp-block-group-is-layout-constrained\" style=\"margin-top:var(--wp--preset--spacing--20);margin-bottom:var(--wp--preset--spacing--20)\">\n<p class=\"has-lato-font-family has-small-font-size\">Muzyka i teksty piosenek<\/p>\n\n\n\n<p class=\"has-lato-font-family has-medium-font-size\">Weronika Kr\u00f3wka<\/p>\n<\/div>\n\n\n\n<p class=\"has-lato-font-family has-medium-font-size\"><\/p>\n\n\n\n<div class=\"wp-block-group has-global-padding is-layout-constrained wp-block-group-is-layout-constrained\" style=\"margin-top:var(--wp--preset--spacing--20);margin-bottom:var(--wp--preset--spacing--20)\">\n<p class=\"has-lato-font-family has-small-font-size\">Dramaturgia<\/p>\n\n\n\n<p class=\"has-lato-font-family has-medium-font-size\">Piotr Fro\u0144<\/p>\n<\/div>\n\n\n\n<p class=\"has-lato-font-family has-medium-font-size\"><\/p>\n\n\n\n<div class=\"wp-block-group has-global-padding is-layout-constrained wp-block-group-is-layout-constrained\" style=\"margin-top:var(--wp--preset--spacing--20);margin-bottom:var(--wp--preset--spacing--20)\">\n<p class=\"has-lato-font-family has-small-font-size\">Choreografia<\/p>\n\n\n\n<p class=\"has-lato-font-family has-medium-font-size\">Katarzyna Gorczyca<\/p>\n<\/div>\n\n\n\n<p class=\"has-lato-font-family has-medium-font-size\"><\/p>\n\n\n\n<div class=\"wp-block-group has-global-padding is-layout-constrained wp-block-group-is-layout-constrained\" style=\"margin-top:var(--wp--preset--spacing--20);margin-bottom:var(--wp--preset--spacing--20)\">\n<p class=\"has-lato-font-family has-small-font-size\">Scenografia<\/p>\n\n\n\n<p class=\"has-lato-font-family has-medium-font-size\">Iga S\u0142upska<\/p>\n<\/div>\n\n\n\n<p class=\"has-lato-font-family has-medium-font-size\"><\/p>\n\n\n\n<div class=\"wp-block-group has-global-padding is-layout-constrained wp-block-group-is-layout-constrained\" style=\"margin-top:var(--wp--preset--spacing--20);margin-bottom:var(--wp--preset--spacing--20)\">\n<p class=\"has-lato-font-family has-small-font-size\">Kostiumy<\/p>\n\n\n\n<p class=\"has-lato-font-family has-medium-font-size\">Hanka Podraza<\/p>\n<\/div>\n\n\n\n<p class=\"has-lato-font-family has-medium-font-size\"><\/p>\n\n\n\n<div class=\"wp-block-group has-global-padding is-layout-constrained wp-block-group-is-layout-constrained\" style=\"margin-top:var(--wp--preset--spacing--20);margin-bottom:var(--wp--preset--spacing--20)\">\n<p class=\"has-lato-font-family has-small-font-size\">Re\u017cyseria \u015bwiate\u0142<\/p>\n\n\n\n<p class=\"has-lato-font-family has-medium-font-size\">Klaudyna Schubert<\/p>\n<\/div>\n\n\n\n<p class=\"has-lato-font-family has-medium-font-size\"><\/p>\n\n\n\n<div class=\"wp-block-group has-global-padding is-layout-constrained wp-block-group-is-layout-constrained\" style=\"margin-top:var(--wp--preset--spacing--20);margin-bottom:var(--wp--preset--spacing--20)\">\n<p class=\"has-lato-font-family has-small-font-size\">Konsultacje muzyczne<\/p>\n\n\n\n<p class=\"has-lato-font-family has-medium-font-size\">Jaros\u0142aw P\u0142onka<\/p>\n<\/div>\n\n\n\n<p class=\"has-lato-font-family has-medium-font-size\"><\/p>\n\n\n\n<div class=\"wp-block-group has-global-padding is-layout-constrained wp-block-group-is-layout-constrained\" style=\"margin-top:var(--wp--preset--spacing--20);margin-bottom:var(--wp--preset--spacing--20)\">\n<p class=\"has-lato-font-family has-small-font-size\">Animacje 3D<\/p>\n\n\n\n<p class=\"has-lato-font-family has-medium-font-size\">Kuba Kalisz<\/p>\n<\/div>\n\n\n\n<p class=\"has-lato-font-family has-medium-font-size\"><\/p>\n\n\n\n<div class=\"wp-block-group has-global-padding is-layout-constrained wp-block-group-is-layout-constrained\" style=\"margin-top:var(--wp--preset--spacing--20);margin-bottom:var(--wp--preset--spacing--20)\">\n<p class=\"has-lato-font-family has-small-font-size\">Wideo<\/p>\n\n\n\n<p class=\"has-lato-font-family has-medium-font-size\">Micha\u0142 Stelmaszczyk<\/p>\n<\/div>\n\n\n\n<p class=\"has-lato-font-family has-medium-font-size\"><\/p>\n\n\n\n<div class=\"wp-block-group has-global-padding is-layout-constrained wp-block-group-is-layout-constrained\" style=\"margin-top:var(--wp--preset--spacing--20);margin-bottom:var(--wp--preset--spacing--20)\">\n<p class=\"has-lato-font-family has-small-font-size\">Inspicjentka-suflerka<\/p>\n\n\n\n<p class=\"has-lato-font-family has-medium-font-size\">Klaudia Sobura<\/p>\n<\/div>\n\n\n\n<p class=\"has-lato-font-family has-medium-font-size\"><\/p>\n\n\n\n<div class=\"wp-block-group has-global-padding is-layout-constrained wp-block-group-is-layout-constrained\" style=\"margin-top:var(--wp--preset--spacing--20);margin-bottom:var(--wp--preset--spacing--20)\">\n<p class=\"has-lato-font-family has-small-font-size\">Konsultacje merytoryczne: grupa ekspertek i ekspert\u00f3w w wieku 9-17 lat<\/p>\n\n\n\n<p class=\"has-lato-font-family has-medium-font-size\">Weronika B\u0119bacz, Gabriela D\u0105browska, Szymon G\u0142uch, Aleksander Janecki, Alicja \u201eZemsta\u201d Karpi\u0144ska, Wiktoria Kmie\u0107, Tola O\u015bka, Mateusz Pitula, Emily Piwnik, Nataniel Serwilski, Natalia Sobczyk, Martyna Szpurek, Jakub W\u00f3jcik, Daria Zarzycka, Oliwia Zi\u0119tal<\/p>\n<\/div>\n\n\n\n<p class=\"has-lato-font-family has-medium-font-size\"><\/p>\n\n\n\n<hr class=\"wp-block-separator has-text-color has-vivid-red-color has-alpha-channel-opacity has-vivid-red-background-color has-background is-style-dots\" style=\"margin-top:var(--wp--preset--spacing--20);margin-bottom:var(--wp--preset--spacing--20)\"\/>\n\n\n\n<div class=\"wp-block-buttons is-layout-flex wp-block-buttons-is-layout-flex\">\n<div class=\"wp-block-button\"><a class=\"wp-block-button__link has-luminous-vivid-amber-background-color has-background wp-element-button\" href=\"https:\/\/teatrzeromskiego.pl\/spektakle\/mitologia-nie-chce-mi-sie-nic-nie-robic\/\" style=\"padding-top:0;padding-bottom:0\">bilety<\/a><\/div>\n<\/div>\n\n\n\n<p><\/p>\n","protected":false},"excerpt":{"rendered":"<p>fot. Karpati&amp;Zarewicz Daria Kubisiak\/Weronika Kr\u00f3wka Mitologia. nie chce mi si\u0119 nic nie robi\u0107 TEATR \u017bEROMSKIEGO W KIELCACH PREMIERA: 6 grudnia 2024 Przedstawienie czerpie inspiracj\u0119 z klasycznych mit\u00f3w, kt\u00f3re w nowatorski spos\u00f3b ukazuj\u0105 \u015bwiat greckich bog\u00f3w i heros\u00f3w, dostosowuj\u0105c go do wsp\u00f3\u0142czesnych reali\u00f3w m\u0142odzie\u017cy szkolnej. Opowiada histori\u0119 uczni\u00f3w, kt\u00f3rzy sami organizuj\u0105 lekcj\u0119 j\u0119zyka polskiego, tworz\u0105c mitologiczn\u0105 [&hellip;]<\/p>\n","protected":false},"author":1,"featured_media":0,"parent":0,"menu_order":0,"comment_status":"closed","ping_status":"closed","template":"","meta":{"footnotes":""},"class_list":["post-120","page","type-page","status-publish","hentry"],"_links":{"self":[{"href":"https:\/\/piotrfron.art\/index.php\/wp-json\/wp\/v2\/pages\/120","targetHints":{"allow":["GET"]}}],"collection":[{"href":"https:\/\/piotrfron.art\/index.php\/wp-json\/wp\/v2\/pages"}],"about":[{"href":"https:\/\/piotrfron.art\/index.php\/wp-json\/wp\/v2\/types\/page"}],"author":[{"embeddable":true,"href":"https:\/\/piotrfron.art\/index.php\/wp-json\/wp\/v2\/users\/1"}],"replies":[{"embeddable":true,"href":"https:\/\/piotrfron.art\/index.php\/wp-json\/wp\/v2\/comments?post=120"}],"version-history":[{"count":27,"href":"https:\/\/piotrfron.art\/index.php\/wp-json\/wp\/v2\/pages\/120\/revisions"}],"predecessor-version":[{"id":181,"href":"https:\/\/piotrfron.art\/index.php\/wp-json\/wp\/v2\/pages\/120\/revisions\/181"}],"wp:attachment":[{"href":"https:\/\/piotrfron.art\/index.php\/wp-json\/wp\/v2\/media?parent=120"}],"curies":[{"name":"wp","href":"https:\/\/api.w.org\/{rel}","templated":true}]}}